{"id":990,"date":"2024-12-27T15:00:58","date_gmt":"2024-12-27T15:00:58","guid":{"rendered":"https:\/\/tvslawpc.com\/?page_id=990"},"modified":"2025-03-12T22:54:46","modified_gmt":"2025-03-12T22:54:46","slug":"nuestro-equipo","status":"publish","type":"page","link":"https:\/\/tvslawpc.com\/es\/nuestro-equipo\/","title":{"rendered":"Nuestro equipo"},"content":{"rendered":"<div data-elementor-type=\"wp-page\" data-elementor-id=\"990\" class=\"elementor elementor-990\" data-elementor-post-type=\"page\">\n\t\t\t\t<div class=\"elementor-element elementor-element-22f98cd9 e-flex e-con-boxed e-con e-parent\" data-id=\"22f98cd9\" data-element_type=\"container\" data-e-type=\"container\">\n\t\t\t\t\t<div class=\"e-con-inner\">\n\t\t\t\t<div class=\"elementor-element elementor-element-5f6a3d45 elementor-widget elementor-widget-text-editor\" data-id=\"5f6a3d45\" data-element_type=\"widget\" data-e-type=\"widget\" data-widget_type=\"text-editor.default\">\n\t\t\t\t<div class=\"elementor-widget-container\">\n\t\t\t\t\t\t\t\t\t\t\t\t\t\t\t\t\t<\/div>\n\t\t\t\t<\/div>\n\t\t\t\t\t<\/div>\n\t\t\t\t<\/div>\n\t\t<div class=\"elementor-element elementor-element-6753d0f4 e-flex e-con-boxed e-con e-parent\" data-id=\"6753d0f4\" data-element_type=\"container\" data-e-type=\"container\" data-settings=\"{&quot;background_background&quot;:&quot;classic&quot;}\">\n\t\t\t\t\t<div class=\"e-con-inner\">\n\t\t<div class=\"elementor-element elementor-element-420a9933 e-con-full e-flex e-con e-child\" data-id=\"420a9933\" data-element_type=\"container\" data-e-type=\"container\">\n\t\t\t\t<div class=\"elementor-element elementor-element-2ad80633 elementor-widget elementor-widget-heading\" data-id=\"2ad80633\" data-element_type=\"widget\" data-e-type=\"widget\" data-widget_type=\"heading.default\">\n\t\t\t\t<div class=\"elementor-widget-container\">\n\t\t\t\t\t<h1 class=\"elementor-heading-title elementor-size-default\">nuestro equipo<\/h1>\t\t\t\t<\/div>\n\t\t\t\t<\/div>\n\t\t\t\t<\/div>\n\t\t\t\t\t<\/div>\n\t\t\t\t<\/div>\n\t\t<div class=\"elementor-element elementor-element-318d8fe7 e-flex e-con-boxed e-con e-parent\" data-id=\"318d8fe7\" data-element_type=\"container\" data-e-type=\"container\">\n\t\t\t\t\t<div class=\"e-con-inner\">\n\t\t<div class=\"elementor-element elementor-element-70a9e781 e-con-full e-flex e-con e-child\" data-id=\"70a9e781\" data-element_type=\"container\" data-e-type=\"container\">\n\t\t<div class=\"elementor-element elementor-element-4c3250c3 e-con-full e-flex e-con e-child\" data-id=\"4c3250c3\" data-element_type=\"container\" data-e-type=\"container\">\n\t\t<div class=\"elementor-element elementor-element-5ee5ba86 e-con-full e-flex e-con e-child\" data-id=\"5ee5ba86\" data-element_type=\"container\" data-e-type=\"container\">\n\t\t\t\t<div class=\"elementor-element elementor-element-48558292 elementor-invisible elementor-widget elementor-widget-heading\" data-id=\"48558292\" data-element_type=\"widget\" data-e-type=\"widget\" data-settings=\"{&quot;_animation&quot;:&quot;fadeInUp&quot;,&quot;_animation_delay&quot;:500}\" data-widget_type=\"heading.default\">\n\t\t\t\t<div class=\"elementor-widget-container\">\n\t\t\t\t\t<span class=\"elementor-heading-title elementor-size-default\">Conoce nuestra<\/span>\t\t\t\t<\/div>\n\t\t\t\t<\/div>\n\t\t\t\t<div class=\"elementor-element elementor-element-45d8f075 elementor-invisible elementor-widget elementor-widget-heading\" data-id=\"45d8f075\" data-element_type=\"widget\" data-e-type=\"widget\" data-settings=\"{&quot;_animation&quot;:&quot;fadeInUp&quot;,&quot;_animation_delay&quot;:600}\" data-widget_type=\"heading.default\">\n\t\t\t\t<div class=\"elementor-widget-container\">\n\t\t\t\t\t<h2 class=\"elementor-heading-title elementor-size-default\">Profesionales cualificados<\/h2>\t\t\t\t<\/div>\n\t\t\t\t<\/div>\n\t\t\t\t<div class=\"elementor-element elementor-element-21fee118 elementor-widget-divider--view-line elementor-invisible elementor-widget elementor-widget-divider\" data-id=\"21fee118\" data-element_type=\"widget\" data-e-type=\"widget\" data-settings=\"{&quot;_animation&quot;:&quot;fadeInUp&quot;,&quot;_animation_delay&quot;:700}\" data-widget_type=\"divider.default\">\n\t\t\t\t<div class=\"elementor-widget-container\">\n\t\t\t\t\t\t\t<div class=\"elementor-divider\">\n\t\t\t<span class=\"elementor-divider-separator\">\n\t\t\t\t\t\t<\/span>\n\t\t<\/div>\n\t\t\t\t\t\t<\/div>\n\t\t\t\t<\/div>\n\t\t\t\t<\/div>\n\t\t\t\t<\/div>\n\t\t<div class=\"elementor-element elementor-element-69dd8b3d e-con-full e-flex e-con e-child\" data-id=\"69dd8b3d\" data-element_type=\"container\" data-e-type=\"container\">\n\t\t<div class=\"elementor-element elementor-element-2df79063 e-con-full e-flex elementor-invisible e-con e-child\" data-id=\"2df79063\" data-element_type=\"container\" data-e-type=\"container\" data-settings=\"{&quot;background_background&quot;:&quot;classic&quot;,&quot;animation&quot;:&quot;fadeInUp&quot;}\">\n\t\t\t\t<div class=\"elementor-element elementor-element-38b0316e elementor-widget elementor-widget-image\" data-id=\"38b0316e\" data-element_type=\"widget\" data-e-type=\"widget\" data-widget_type=\"image.default\">\n\t\t\t\t<div class=\"elementor-widget-container\">\n\t\t\t\t\t\t\t\t\t\t\t\t\t\t\t<img fetchpriority=\"high\" decoding=\"async\" width=\"1920\" height=\"1796\" src=\"https:\/\/tvslawpc.com\/wp-content\/uploads\/2019\/01\/Tom-Pic-1.jpg\" class=\"attachment-full size-full wp-image-96\" alt=\"Abogado y Procurador Thomas V. Sassone The Law Office Of Thomas V. Sassone, P.C\" srcset=\"https:\/\/tvslawpc.com\/wp-content\/uploads\/2019\/01\/Tom-Pic-1.jpg 1920w, https:\/\/tvslawpc.com\/wp-content\/uploads\/2019\/01\/Tom-Pic-1-300x281.jpg 300w, https:\/\/tvslawpc.com\/wp-content\/uploads\/2019\/01\/Tom-Pic-1-768x718.jpg 768w, https:\/\/tvslawpc.com\/wp-content\/uploads\/2019\/01\/Tom-Pic-1-1024x958.jpg 1024w\" sizes=\"(max-width: 1920px) 100vw, 1920px\" \/>\t\t\t\t\t\t\t\t\t\t\t\t\t\t\t<\/div>\n\t\t\t\t<\/div>\n\t\t\t\t<div class=\"elementor-element elementor-element-1a7ec5fe elementor-widget elementor-widget-heading\" data-id=\"1a7ec5fe\" data-element_type=\"widget\" data-e-type=\"widget\" data-widget_type=\"heading.default\">\n\t\t\t\t<div class=\"elementor-widget-container\">\n\t\t\t\t\t<h3 class=\"elementor-heading-title elementor-size-default\"><a href=\"#\">Thomas V. Sassone<\/a><\/h3>\t\t\t\t<\/div>\n\t\t\t\t<\/div>\n\t\t\t\t<div class=\"elementor-element elementor-element-36f9e33f elementor-widget elementor-widget-heading\" data-id=\"36f9e33f\" data-element_type=\"widget\" data-e-type=\"widget\" data-widget_type=\"heading.default\">\n\t\t\t\t<div class=\"elementor-widget-container\">\n\t\t\t\t\t<span class=\"elementor-heading-title elementor-size-default\">Abogado<\/span>\t\t\t\t<\/div>\n\t\t\t\t<\/div>\n\t\t\t\t<div class=\"elementor-element elementor-element-2fa1a6f8 elementor-icon-list--layout-inline elementor-align-center elementor-list-item-link-full_width elementor-widget elementor-widget-icon-list\" data-id=\"2fa1a6f8\" data-element_type=\"widget\" data-e-type=\"widget\" data-widget_type=\"icon-list.default\">\n\t\t\t\t<div class=\"elementor-widget-container\">\n\t\t\t\t\t\t\t<ul class=\"elementor-icon-list-items elementor-inline-items\">\n\t\t\t\t\t\t\t<li class=\"elementor-icon-list-item elementor-inline-item\">\n\t\t\t\t\t\t\t\t\t\t\t<a href=\"mailto:tsassone@tvslawpc.com\">\n\n\t\t\t\t\t\t\t\t\t\t\t\t<span class=\"elementor-icon-list-icon\">\n\t\t\t\t\t\t\t<i aria-hidden=\"true\" class=\"icon icon-contact\"><\/i>\t\t\t\t\t\t<\/span>\n\t\t\t\t\t\t\t\t\t\t<span class=\"elementor-icon-list-text\">Enviar un correo electr\u00f3nico<\/span>\n\t\t\t\t\t\t\t\t\t\t\t<\/a>\n\t\t\t\t\t\t\t\t\t<\/li>\n\t\t\t\t\t\t<\/ul>\n\t\t\t\t\t\t<\/div>\n\t\t\t\t<\/div>\n\t\t\t\t<\/div>\n\t\t<div class=\"elementor-element elementor-element-781d17bd e-con-full e-flex elementor-invisible e-con e-child\" data-id=\"781d17bd\" data-element_type=\"container\" data-e-type=\"container\" data-settings=\"{&quot;background_background&quot;:&quot;classic&quot;,&quot;animation&quot;:&quot;fadeInDown&quot;}\">\n\t\t\t\t<div class=\"elementor-element elementor-element-7f7f121b elementor-widget elementor-widget-image\" data-id=\"7f7f121b\" data-element_type=\"widget\" data-e-type=\"widget\" data-widget_type=\"image.default\">\n\t\t\t\t<div class=\"elementor-widget-container\">\n\t\t\t\t\t\t\t\t\t\t\t\t\t\t\t<img decoding=\"async\" width=\"1920\" height=\"2321\" src=\"https:\/\/tvslawpc.com\/wp-content\/uploads\/2025\/02\/Ada-Lai-Legal-Assistant-Law-Office-of-Thomas-V.-Sassone-P.C.jpg\" class=\"attachment-full size-full wp-image-1179\" alt=\"-Ada-Lai-Asistente Legal-Bufete de Thomas V. Sassone, P.C.\" srcset=\"https:\/\/tvslawpc.com\/wp-content\/uploads\/2025\/02\/Ada-Lai-Legal-Assistant-Law-Office-of-Thomas-V.-Sassone-P.C.jpg 1920w, https:\/\/tvslawpc.com\/wp-content\/uploads\/2025\/02\/Ada-Lai-Legal-Assistant-Law-Office-of-Thomas-V.-Sassone-P.C-248x300.jpg 248w, https:\/\/tvslawpc.com\/wp-content\/uploads\/2025\/02\/Ada-Lai-Legal-Assistant-Law-Office-of-Thomas-V.-Sassone-P.C-847x1024.jpg 847w, https:\/\/tvslawpc.com\/wp-content\/uploads\/2025\/02\/Ada-Lai-Legal-Assistant-Law-Office-of-Thomas-V.-Sassone-P.C-768x928.jpg 768w, https:\/\/tvslawpc.com\/wp-content\/uploads\/2025\/02\/Ada-Lai-Legal-Assistant-Law-Office-of-Thomas-V.-Sassone-P.C-1271x1536.jpg 1271w, https:\/\/tvslawpc.com\/wp-content\/uploads\/2025\/02\/Ada-Lai-Legal-Assistant-Law-Office-of-Thomas-V.-Sassone-P.C-1694x2048.jpg 1694w, https:\/\/tvslawpc.com\/wp-content\/uploads\/2025\/02\/Ada-Lai-Legal-Assistant-Law-Office-of-Thomas-V.-Sassone-P.C-10x12.jpg 10w\" sizes=\"(max-width: 1920px) 100vw, 1920px\" \/>\t\t\t\t\t\t\t\t\t\t\t\t\t\t\t<\/div>\n\t\t\t\t<\/div>\n\t\t\t\t<div class=\"elementor-element elementor-element-31bc8ac1 elementor-widget elementor-widget-heading\" data-id=\"31bc8ac1\" data-element_type=\"widget\" data-e-type=\"widget\" data-widget_type=\"heading.default\">\n\t\t\t\t<div class=\"elementor-widget-container\">\n\t\t\t\t\t<h3 class=\"elementor-heading-title elementor-size-default\"><a href=\"#\">Ada Lai<\/a><\/h3>\t\t\t\t<\/div>\n\t\t\t\t<\/div>\n\t\t\t\t<div class=\"elementor-element elementor-element-39970e7 elementor-widget elementor-widget-heading\" data-id=\"39970e7\" data-element_type=\"widget\" data-e-type=\"widget\" data-widget_type=\"heading.default\">\n\t\t\t\t<div class=\"elementor-widget-container\">\n\t\t\t\t\t<span class=\"elementor-heading-title elementor-size-default\">Asistente jur\u00eddico<\/span>\t\t\t\t<\/div>\n\t\t\t\t<\/div>\n\t\t\t\t<div class=\"elementor-element elementor-element-59e1650 elementor-icon-list--layout-inline elementor-align-center elementor-list-item-link-full_width elementor-widget elementor-widget-icon-list\" data-id=\"59e1650\" data-element_type=\"widget\" data-e-type=\"widget\" data-widget_type=\"icon-list.default\">\n\t\t\t\t<div class=\"elementor-widget-container\">\n\t\t\t\t\t\t\t<ul class=\"elementor-icon-list-items elementor-inline-items\">\n\t\t\t\t\t\t\t<li class=\"elementor-icon-list-item elementor-inline-item\">\n\t\t\t\t\t\t\t\t\t\t\t<a href=\"mailto:alai@tvslawpc.com\">\n\n\t\t\t\t\t\t\t\t\t\t\t\t<span class=\"elementor-icon-list-icon\">\n\t\t\t\t\t\t\t<i aria-hidden=\"true\" class=\"icon icon-contact\"><\/i>\t\t\t\t\t\t<\/span>\n\t\t\t\t\t\t\t\t\t\t<span class=\"elementor-icon-list-text\">Enviar un correo electr\u00f3nico<\/span>\n\t\t\t\t\t\t\t\t\t\t\t<\/a>\n\t\t\t\t\t\t\t\t\t<\/li>\n\t\t\t\t\t\t<\/ul>\n\t\t\t\t\t\t<\/div>\n\t\t\t\t<\/div>\n\t\t\t\t<\/div>\n\t\t<div class=\"elementor-element elementor-element-665efdd2 e-con-full e-flex elementor-invisible e-con e-child\" data-id=\"665efdd2\" data-element_type=\"container\" data-e-type=\"container\" data-settings=\"{&quot;background_background&quot;:&quot;classic&quot;,&quot;animation&quot;:&quot;fadeInUp&quot;}\">\n\t\t\t\t<div class=\"elementor-element elementor-element-7f8d8dd9 elementor-widget elementor-widget-image\" data-id=\"7f8d8dd9\" data-element_type=\"widget\" data-e-type=\"widget\" data-widget_type=\"image.default\">\n\t\t\t\t<div class=\"elementor-widget-container\">\n\t\t\t\t\t\t\t\t\t\t\t\t\t\t\t<img decoding=\"async\" width=\"1920\" height=\"2321\" src=\"https:\/\/tvslawpc.com\/wp-content\/uploads\/2025\/02\/Alex-Villa-Legal-Assistant-The-Law-Office-Of-Thomas-V.-Sassone-P.C.jpg\" class=\"attachment-full size-full wp-image-1180\" alt=\"Alex-Villa-Asistente Legal El Bufete De Thomas V. Sassone, P.C\" srcset=\"https:\/\/tvslawpc.com\/wp-content\/uploads\/2025\/02\/Alex-Villa-Legal-Assistant-The-Law-Office-Of-Thomas-V.-Sassone-P.C.jpg 1920w, https:\/\/tvslawpc.com\/wp-content\/uploads\/2025\/02\/Alex-Villa-Legal-Assistant-The-Law-Office-Of-Thomas-V.-Sassone-P.C-248x300.jpg 248w, https:\/\/tvslawpc.com\/wp-content\/uploads\/2025\/02\/Alex-Villa-Legal-Assistant-The-Law-Office-Of-Thomas-V.-Sassone-P.C-847x1024.jpg 847w, https:\/\/tvslawpc.com\/wp-content\/uploads\/2025\/02\/Alex-Villa-Legal-Assistant-The-Law-Office-Of-Thomas-V.-Sassone-P.C-768x928.jpg 768w, https:\/\/tvslawpc.com\/wp-content\/uploads\/2025\/02\/Alex-Villa-Legal-Assistant-The-Law-Office-Of-Thomas-V.-Sassone-P.C-1271x1536.jpg 1271w, https:\/\/tvslawpc.com\/wp-content\/uploads\/2025\/02\/Alex-Villa-Legal-Assistant-The-Law-Office-Of-Thomas-V.-Sassone-P.C-1694x2048.jpg 1694w, https:\/\/tvslawpc.com\/wp-content\/uploads\/2025\/02\/Alex-Villa-Legal-Assistant-The-Law-Office-Of-Thomas-V.-Sassone-P.C-10x12.jpg 10w\" sizes=\"(max-width: 1920px) 100vw, 1920px\" \/>\t\t\t\t\t\t\t\t\t\t\t\t\t\t\t<\/div>\n\t\t\t\t<\/div>\n\t\t\t\t<div class=\"elementor-element elementor-element-62d69f7c elementor-widget elementor-widget-heading\" data-id=\"62d69f7c\" data-element_type=\"widget\" data-e-type=\"widget\" data-widget_type=\"heading.default\">\n\t\t\t\t<div class=\"elementor-widget-container\">\n\t\t\t\t\t<h3 class=\"elementor-heading-title elementor-size-default\"><a href=\"#\">Alex Villa<\/a><\/h3>\t\t\t\t<\/div>\n\t\t\t\t<\/div>\n\t\t\t\t<div class=\"elementor-element elementor-element-27663bfa elementor-widget elementor-widget-heading\" data-id=\"27663bfa\" data-element_type=\"widget\" data-e-type=\"widget\" data-widget_type=\"heading.default\">\n\t\t\t\t<div class=\"elementor-widget-container\">\n\t\t\t\t\t<span class=\"elementor-heading-title elementor-size-default\">Asistente jur\u00eddico<\/span>\t\t\t\t<\/div>\n\t\t\t\t<\/div>\n\t\t\t\t<div class=\"elementor-element elementor-element-b16c3a5 elementor-icon-list--layout-inline elementor-align-center elementor-list-item-link-full_width elementor-widget elementor-widget-icon-list\" data-id=\"b16c3a5\" data-element_type=\"widget\" data-e-type=\"widget\" data-widget_type=\"icon-list.default\">\n\t\t\t\t<div class=\"elementor-widget-container\">\n\t\t\t\t\t\t\t<ul class=\"elementor-icon-list-items elementor-inline-items\">\n\t\t\t\t\t\t\t<li class=\"elementor-icon-list-item elementor-inline-item\">\n\t\t\t\t\t\t\t\t\t\t\t<a href=\"mailto:avilla@tvslawpc.com\">\n\n\t\t\t\t\t\t\t\t\t\t\t\t<span class=\"elementor-icon-list-icon\">\n\t\t\t\t\t\t\t<i aria-hidden=\"true\" class=\"icon icon-contact\"><\/i>\t\t\t\t\t\t<\/span>\n\t\t\t\t\t\t\t\t\t\t<span class=\"elementor-icon-list-text\">Enviar un correo electr\u00f3nico<\/span>\n\t\t\t\t\t\t\t\t\t\t\t<\/a>\n\t\t\t\t\t\t\t\t\t<\/li>\n\t\t\t\t\t\t<\/ul>\n\t\t\t\t\t\t<\/div>\n\t\t\t\t<\/div>\n\t\t\t\t<\/div>\n\t\t\t\t<\/div>\n\t\t\t\t<\/div>\n\t\t\t\t\t<\/div>\n\t\t\t\t<\/div>\n\t\t<div class=\"elementor-element elementor-element-95089f9 e-flex e-con-boxed e-con e-parent\" data-id=\"95089f9\" data-element_type=\"container\" data-e-type=\"container\">\n\t\t\t\t\t<div class=\"e-con-inner\">\n\t\t<div class=\"elementor-element elementor-element-0016bef e-con-full e-flex e-con e-child\" data-id=\"0016bef\" data-element_type=\"container\" data-e-type=\"container\">\n\t\t<div class=\"elementor-element elementor-element-018f458 e-con-full e-flex e-con e-child\" data-id=\"018f458\" data-element_type=\"container\" data-e-type=\"container\">\n\t\t<div class=\"elementor-element elementor-element-f3d4260 e-con-full e-flex elementor-invisible e-con e-child\" data-id=\"f3d4260\" data-element_type=\"container\" data-e-type=\"container\" data-settings=\"{&quot;background_background&quot;:&quot;classic&quot;,&quot;animation&quot;:&quot;fadeInUp&quot;}\">\n\t\t\t\t<div class=\"elementor-element elementor-element-ea72b03 elementor-widget elementor-widget-image\" data-id=\"ea72b03\" data-element_type=\"widget\" data-e-type=\"widget\" data-widget_type=\"image.default\">\n\t\t\t\t<div class=\"elementor-widget-container\">\n\t\t\t\t\t\t\t\t\t\t\t\t\t\t\t<img loading=\"lazy\" decoding=\"async\" width=\"1920\" height=\"2321\" src=\"https:\/\/tvslawpc.com\/wp-content\/uploads\/2025\/02\/Karina-Gonzalez-Legal-Assistant-Law-Office-of-Thomas-V.-Sassone-P.C.jpg\" class=\"attachment-full size-full wp-image-1182\" alt=\"\" srcset=\"https:\/\/tvslawpc.com\/wp-content\/uploads\/2025\/02\/Karina-Gonzalez-Legal-Assistant-Law-Office-of-Thomas-V.-Sassone-P.C.jpg 1920w, https:\/\/tvslawpc.com\/wp-content\/uploads\/2025\/02\/Karina-Gonzalez-Legal-Assistant-Law-Office-of-Thomas-V.-Sassone-P.C-248x300.jpg 248w, https:\/\/tvslawpc.com\/wp-content\/uploads\/2025\/02\/Karina-Gonzalez-Legal-Assistant-Law-Office-of-Thomas-V.-Sassone-P.C-847x1024.jpg 847w, https:\/\/tvslawpc.com\/wp-content\/uploads\/2025\/02\/Karina-Gonzalez-Legal-Assistant-Law-Office-of-Thomas-V.-Sassone-P.C-768x928.jpg 768w, https:\/\/tvslawpc.com\/wp-content\/uploads\/2025\/02\/Karina-Gonzalez-Legal-Assistant-Law-Office-of-Thomas-V.-Sassone-P.C-1271x1536.jpg 1271w, https:\/\/tvslawpc.com\/wp-content\/uploads\/2025\/02\/Karina-Gonzalez-Legal-Assistant-Law-Office-of-Thomas-V.-Sassone-P.C-1694x2048.jpg 1694w, https:\/\/tvslawpc.com\/wp-content\/uploads\/2025\/02\/Karina-Gonzalez-Legal-Assistant-Law-Office-of-Thomas-V.-Sassone-P.C-10x12.jpg 10w\" sizes=\"(max-width: 1920px) 100vw, 1920px\" \/>\t\t\t\t\t\t\t\t\t\t\t\t\t\t\t<\/div>\n\t\t\t\t<\/div>\n\t\t\t\t<div class=\"elementor-element elementor-element-53cedc9 elementor-widget elementor-widget-heading\" data-id=\"53cedc9\" data-element_type=\"widget\" data-e-type=\"widget\" data-widget_type=\"heading.default\">\n\t\t\t\t<div class=\"elementor-widget-container\">\n\t\t\t\t\t<h3 class=\"elementor-heading-title elementor-size-default\"><a href=\"#\">Karina Gonz\u00e1lez<\/a><\/h3>\t\t\t\t<\/div>\n\t\t\t\t<\/div>\n\t\t\t\t<div class=\"elementor-element elementor-element-fbe99c8 elementor-widget elementor-widget-heading\" data-id=\"fbe99c8\" data-element_type=\"widget\" data-e-type=\"widget\" data-widget_type=\"heading.default\">\n\t\t\t\t<div class=\"elementor-widget-container\">\n\t\t\t\t\t<span class=\"elementor-heading-title elementor-size-default\">Asistente jur\u00eddico<\/span>\t\t\t\t<\/div>\n\t\t\t\t<\/div>\n\t\t\t\t<div class=\"elementor-element elementor-element-6f5536f elementor-icon-list--layout-inline elementor-align-center elementor-list-item-link-full_width elementor-widget elementor-widget-icon-list\" data-id=\"6f5536f\" data-element_type=\"widget\" data-e-type=\"widget\" data-widget_type=\"icon-list.default\">\n\t\t\t\t<div class=\"elementor-widget-container\">\n\t\t\t\t\t\t\t<ul class=\"elementor-icon-list-items elementor-inline-items\">\n\t\t\t\t\t\t\t<li class=\"elementor-icon-list-item elementor-inline-item\">\n\t\t\t\t\t\t\t\t\t\t\t<a href=\"#\">\n\n\t\t\t\t\t\t\t\t\t\t\t\t<span class=\"elementor-icon-list-icon\">\n\t\t\t\t\t\t\t<i aria-hidden=\"true\" class=\"icon icon-contact\"><\/i>\t\t\t\t\t\t<\/span>\n\t\t\t\t\t\t\t\t\t\t<span class=\"elementor-icon-list-text\">Enviar un correo electr\u00f3nico<\/span>\n\t\t\t\t\t\t\t\t\t\t\t<\/a>\n\t\t\t\t\t\t\t\t\t<\/li>\n\t\t\t\t\t\t<\/ul>\n\t\t\t\t\t\t<\/div>\n\t\t\t\t<\/div>\n\t\t\t\t<\/div>\n\t\t<div class=\"elementor-element elementor-element-888dd1f e-con-full e-flex elementor-invisible e-con e-child\" data-id=\"888dd1f\" data-element_type=\"container\" data-e-type=\"container\" data-settings=\"{&quot;background_background&quot;:&quot;classic&quot;,&quot;animation&quot;:&quot;fadeInDown&quot;}\">\n\t\t\t\t<div class=\"elementor-element elementor-element-9941cbe elementor-widget elementor-widget-image\" data-id=\"9941cbe\" data-element_type=\"widget\" data-e-type=\"widget\" data-widget_type=\"image.default\">\n\t\t\t\t<div class=\"elementor-widget-container\">\n\t\t\t\t\t\t\t\t\t\t\t\t\t\t\t<img decoding=\"async\" src=\"https:\/\/tvslawpc.com\/wp-content\/uploads\/2025\/02\/Legal-Team-Law-Office-of-Thomas-V.-Sassone-P.C.jpg\" title=\"Equipo jur\u00eddico del bufete de Thomas-V.-Sassone,-P.C.\" alt=\"Equipo jur\u00eddico del bufete de Thomas-V.-Sassone,-P.C.\" loading=\"lazy\" \/>\t\t\t\t\t\t\t\t\t\t\t\t\t\t\t<\/div>\n\t\t\t\t<\/div>\n\t\t\t\t<\/div>\n\t\t\t\t<\/div>\n\t\t\t\t<\/div>\n\t\t\t\t\t<\/div>\n\t\t\t\t<\/div>\n\t\t\t\t<\/div>","protected":false},"excerpt":{"rendered":"<p>nuestro equipo Conozca a nuestros profesionales cualificados Thomas V. Sassone Abogado Enviar un correo electr\u00f3nico Ada Lai Asistente legal Enviar un correo electr\u00f3nico Alex Villa Asistente legal Enviar un correo electr\u00f3nico Karina Gonzalez Asistente legal Enviar un correo electr\u00f3nico<\/p>","protected":false},"author":1,"featured_media":0,"parent":0,"menu_order":0,"comment_status":"closed","ping_status":"closed","template":"","meta":{"footnotes":""},"class_list":["post-990","page","type-page","status-publish","hentry"],"_links":{"self":[{"href":"https:\/\/tvslawpc.com\/es\/wp-json\/wp\/v2\/pages\/990","targetHints":{"allow":["GET"]}}],"collection":[{"href":"https:\/\/tvslawpc.com\/es\/wp-json\/wp\/v2\/pages"}],"about":[{"href":"https:\/\/tvslawpc.com\/es\/wp-json\/wp\/v2\/types\/page"}],"author":[{"embeddable":true,"href":"https:\/\/tvslawpc.com\/es\/wp-json\/wp\/v2\/users\/1"}],"replies":[{"embeddable":true,"href":"https:\/\/tvslawpc.com\/es\/wp-json\/wp\/v2\/comments?post=990"}],"version-history":[{"count":65,"href":"https:\/\/tvslawpc.com\/es\/wp-json\/wp\/v2\/pages\/990\/revisions"}],"predecessor-version":[{"id":1276,"href":"https:\/\/tvslawpc.com\/es\/wp-json\/wp\/v2\/pages\/990\/revisions\/1276"}],"wp:attachment":[{"href":"https:\/\/tvslawpc.com\/es\/wp-json\/wp\/v2\/media?parent=990"}],"curies":[{"name":"wp","href":"https:\/\/api.w.org\/{rel}","templated":true}]}}